{"id":1825,"date":"2025-04-29T00:09:40","date_gmt":"2025-04-29T00:09:40","guid":{"rendered":"https:\/\/solid-24-7.com\/?post_type=product&#038;p=1825"},"modified":"2025-06-21T01:50:12","modified_gmt":"2025-06-21T01:50:12","slug":"elfbar-vape-600-blueberry","status":"publish","type":"product","link":"https:\/\/solid-24-7.com\/index.php\/produkt\/elfbar-vape-600-blueberry\/","title":{"rendered":"Elfbar Vape 600 Blueberry"},"content":{"rendered":"<p><img fetchpriority=\"high\" decoding=\"async\" class=\"alignnone size-full wp-image-1826\" src=\"https:\/\/solid-24-7.com\/wp-content\/uploads\/2025\/04\/Download-2.jpeg\" alt=\"\" width=\"225\" height=\"225\" srcset=\"https:\/\/solid-24-7.com\/wp-content\/uploads\/2025\/04\/Download-2.jpeg 225w, https:\/\/solid-24-7.com\/wp-content\/uploads\/2025\/04\/Download-2-150x150.jpeg 150w, https:\/\/solid-24-7.com\/wp-content\/uploads\/2025\/04\/Download-2-100x100.jpeg 100w, https:\/\/solid-24-7.com\/wp-content\/uploads\/2025\/04\/Download-2-48x48.jpeg 48w\" sizes=\"(max-width: 225px) 100vw, 225px\" \/><\/p>\n","protected":false},"excerpt":{"rendered":"<h4 style=\"font-weight: 400;\"><strong style=\"font-weight: 600;\">Elf Bar 600 Einweg E-Zigarette\u00a0&#8211; Blueberry Sour Raspberry nikotinfrei<\/strong><\/h4>\n<p style=\"font-weight: 400;\">Die Elf Bar 600 Blueberry Sour Raspberry erinnert an eine Mischung aus Blaubeeren und leicht s\u00e4uerlichen Himbeeren. Diese Variante enth\u00e4lt kein Nikotin.<\/p>\n<p style=\"font-weight: 400;\">Mit der Elf Bar 600 erreicht uns der aktuelle Topseller unter den Vape Sticks.\u00a0Die Elf Bar\u00a0ist perfekt f\u00fcr Anf\u00e4nger und Umsteiger geeignet, da bei einer Einweg E-Zigarette weder Liquid noch Verdampfer\u00a0getauscht werden m\u00fcssen. In der Elf Bar 600 sind 2 ml Liquid enthalten. Die fest verbaute Akkuzelle ist ebenfalls vorgeladen und erm\u00f6glicht bis zu 600\u00a0Z\u00fcge. Je nach Zugst\u00e4rke k\u00f6nnen die erreichbaren Z\u00fcge abweichen.<\/p>\n<p style=\"font-weight: 400;\">Genau diese Einsteigerfreundlichkeit macht die Elf Bar 600 zum beliebten Begleiter f\u00fcr viele Dampfer. Nach dem Auspacken kann die Einweg E-Zigarette direkt verwendet werden.<br \/>\nF\u00fcr die Elf Bar 600 wird ein sogenanntes Nikotinsalz-Liquid\u00a0verwendet, welches sich durch ein vermindertes Kratzen im Hals und ein\u00a0angenehmes Dampfgef\u00fchl auszeichnet.<\/p>\n<h5 style=\"font-weight: 400;\"><strong style=\"font-weight: 600;\">Elf Bar 600 auf einem\u00a0Blick<\/strong><\/h5>\n<ul style=\"font-weight: 400;\">\n<li>Einweg E-Zigarette (Disposable)<\/li>\n<li>Topseller unter den Vape Stick<\/li>\n<li>Sehr einfache Bedienung<\/li>\n<li>Moderner und farbenfroher Look<\/li>\n<li>Ergonomisches Penstyle-Design<\/li>\n<li>Integrierte Zugautomatik<\/li>\n<li>360mAh Batterie<\/li>\n<li>Vorbef\u00fcllt mit 2.0 ml Liquid<\/li>\n<\/ul>\n<p style=\"font-weight: 400;\"><strong style=\"font-weight: 600;\">Die Elf Bar 600 ist in vielen weiteren\u00a0Geschmacksrichtungen erh\u00e4ltlich:<\/strong><\/p>\n<ul style=\"font-weight: 400;\">\n<li>Apple Peach (Apfel, Pfirsich)<\/li>\n<li>Blue Razz Lemonade (Blaue Himbeere, Limonade)<\/li>\n<li>Blueberry (Blaubeeren)<\/li>\n<li>Blueberry Sour Raspberry (Blaubeere &amp; saure Himbeere)<\/li>\n<li>Cola<\/li>\n<li>Elfergy Ice (Energydrink)<\/li>\n<li>Grape (Weintraube)<\/li>\n<li>Kiwi Passion Fruit Guava (Kiwi, Passionsfrucht, Guave)<\/li>\n<li>Mango Ice (Tropische Mango)<\/li>\n<li>Pink Lemonade (Spritzige Limonade)<\/li>\n<li>Strawberry Elfergy (Erdbeere, Eiscreme)<\/li>\n<li>Strawberry Ice (Erdbeere, Eis)<\/li>\n<li>Strawberry Ice Cream (Erdbeere, Eiscreme)<\/li>\n<li>Watermelon (Wassermelone)<\/li>\n<\/ul>\n","protected":false},"featured_media":1826,"comment_status":"open","ping_status":"closed","template":"","meta":[],"product_brand":[],"product_cat":[21],"product_tag":[],"class_list":{"0":"post-1825","1":"product","2":"type-product","3":"status-publish","4":"has-post-thumbnail","6":"product_cat-vapes","7":"product_shipping_class-normal","8":"thunk-woo-product-list","9":"th-shop-mania-woo-hover-","10":"open-single-product-tab-horizontal","11":"open-shadow-","12":"open-shadow-hover-","14":"first","15":"instock","16":"sale","17":"taxable","18":"shipping-taxable","19":"purchasable","20":"product-type-simple"},"yoast_head":"<!-- This site is optimized with the Yoast SEO plugin v25.2 - https:\/\/yoast.com\/wordpress\/plugins\/seo\/ -->\n<title>Elfbar Vape 600 Blueberry - Solid-24\/7<\/title>\n<meta name=\"robots\" content=\"index, follow, max-snippet:-1, max-image-preview:large, max-video-preview:-1\" \/>\n<link rel=\"canonical\" href=\"https:\/\/solid-24-7.com\/index.php\/produkt\/elfbar-vape-600-blueberry\/\" \/>\n<meta property=\"og:locale\" content=\"de_DE\" \/>\n<meta property=\"og:type\" content=\"article\" \/>\n<meta property=\"og:title\" content=\"Elfbar Vape 600 Blueberry - Solid-24\/7\" \/>\n<meta property=\"og:description\" content=\"Elf Bar 600 Einweg E-Zigarette\u00a0- Blueberry Sour Raspberry nikotinfrei Die Elf Bar 600 Blueberry Sour Raspberry erinnert an eine Mischung aus Blaubeeren und leicht s\u00e4uerlichen Himbeeren. Diese Variante enth\u00e4lt kein Nikotin. Mit der Elf Bar 600 erreicht uns der aktuelle Topseller unter den Vape Sticks.\u00a0Die Elf Bar\u00a0ist perfekt f\u00fcr Anf\u00e4nger und Umsteiger geeignet, da bei einer Einweg E-Zigarette weder Liquid noch Verdampfer\u00a0getauscht werden m\u00fcssen. In der Elf Bar 600 sind 2 ml Liquid enthalten. Die fest verbaute Akkuzelle ist ebenfalls vorgeladen und erm\u00f6glicht bis zu 600\u00a0Z\u00fcge. Je nach Zugst\u00e4rke k\u00f6nnen die erreichbaren Z\u00fcge abweichen. Genau diese Einsteigerfreundlichkeit macht die Elf Bar 600 zum beliebten Begleiter f\u00fcr viele Dampfer. Nach dem Auspacken kann die Einweg E-Zigarette direkt verwendet werden. F\u00fcr die Elf Bar 600 wird ein sogenanntes Nikotinsalz-Liquid\u00a0verwendet, welches sich durch ein vermindertes Kratzen im Hals und ein\u00a0angenehmes Dampfgef\u00fchl auszeichnet.  Elf Bar 600 auf einem\u00a0Blick   Einweg E-Zigarette (Disposable)  Topseller unter den Vape Stick  Sehr einfache Bedienung  Moderner und farbenfroher Look  Ergonomisches Penstyle-Design  Integrierte Zugautomatik  360mAh Batterie  Vorbef\u00fcllt mit 2.0 ml Liquid  Die Elf Bar 600 ist in vielen weiteren\u00a0Geschmacksrichtungen erh\u00e4ltlich:    Apple Peach (Apfel, Pfirsich)  Blue Razz Lemonade (Blaue Himbeere, Limonade)  Blueberry (Blaubeeren)  Blueberry Sour Raspberry (Blaubeere &amp; saure Himbeere)  Cola  Elfergy Ice (Energydrink)  Grape (Weintraube)  Kiwi Passion Fruit Guava (Kiwi, Passionsfrucht, Guave)  Mango Ice (Tropische Mango)  Pink Lemonade (Spritzige Limonade)  Strawberry Elfergy (Erdbeere, Eiscreme)  Strawberry Ice (Erdbeere, Eis)  Strawberry Ice Cream (Erdbeere, Eiscreme)  Watermelon (Wassermelone)\" \/>\n<meta property=\"og:url\" content=\"https:\/\/solid-24-7.com\/index.php\/produkt\/elfbar-vape-600-blueberry\/\" \/>\n<meta property=\"og:site_name\" content=\"Solid-24\/7\" \/>\n<meta property=\"article:modified_time\" content=\"2025-06-21T01:50:12+00:00\" \/>\n<meta property=\"og:image\" content=\"https:\/\/solid-24-7.com\/wp-content\/uploads\/2025\/04\/Download-2.jpeg\" \/>\n\t<meta property=\"og:image:width\" content=\"225\" \/>\n\t<meta property=\"og:image:height\" content=\"225\" \/>\n\t<meta property=\"og:image:type\" content=\"image\/jpeg\" \/>\n<meta name=\"twitter:card\" content=\"summary_large_image\" \/>\n<script type=\"application\/ld+json\" class=\"yoast-schema-graph\">{\"@context\":\"https:\/\/schema.org\",\"@graph\":[{\"@type\":\"WebPage\",\"@id\":\"https:\/\/solid-24-7.com\/index.php\/produkt\/elfbar-vape-600-blueberry\/\",\"url\":\"https:\/\/solid-24-7.com\/index.php\/produkt\/elfbar-vape-600-blueberry\/\",\"name\":\"Elfbar Vape 600 Blueberry - Solid-24\/7\",\"isPartOf\":{\"@id\":\"https:\/\/solid-24-7.com\/#website\"},\"primaryImageOfPage\":{\"@id\":\"https:\/\/solid-24-7.com\/index.php\/produkt\/elfbar-vape-600-blueberry\/#primaryimage\"},\"image\":{\"@id\":\"https:\/\/solid-24-7.com\/index.php\/produkt\/elfbar-vape-600-blueberry\/#primaryimage\"},\"thumbnailUrl\":\"https:\/\/solid-24-7.com\/wp-content\/uploads\/2025\/04\/Download-2.jpeg\",\"datePublished\":\"2025-04-29T00:09:40+00:00\",\"dateModified\":\"2025-06-21T01:50:12+00:00\",\"breadcrumb\":{\"@id\":\"https:\/\/solid-24-7.com\/index.php\/produkt\/elfbar-vape-600-blueberry\/#breadcrumb\"},\"inLanguage\":\"de\",\"potentialAction\":[{\"@type\":\"ReadAction\",\"target\":[\"https:\/\/solid-24-7.com\/index.php\/produkt\/elfbar-vape-600-blueberry\/\"]}]},{\"@type\":\"ImageObject\",\"inLanguage\":\"de\",\"@id\":\"https:\/\/solid-24-7.com\/index.php\/produkt\/elfbar-vape-600-blueberry\/#primaryimage\",\"url\":\"https:\/\/solid-24-7.com\/wp-content\/uploads\/2025\/04\/Download-2.jpeg\",\"contentUrl\":\"https:\/\/solid-24-7.com\/wp-content\/uploads\/2025\/04\/Download-2.jpeg\",\"width\":225,\"height\":225},{\"@type\":\"BreadcrumbList\",\"@id\":\"https:\/\/solid-24-7.com\/index.php\/produkt\/elfbar-vape-600-blueberry\/#breadcrumb\",\"itemListElement\":[{\"@type\":\"ListItem\",\"position\":1,\"name\":\"Startseite\",\"item\":\"https:\/\/solid-24-7.com\/\"},{\"@type\":\"ListItem\",\"position\":2,\"name\":\"Shop\",\"item\":\"https:\/\/solid-24-7.com\/index.php\/shop\/\"},{\"@type\":\"ListItem\",\"position\":3,\"name\":\"Elfbar Vape 600 Blueberry\"}]},{\"@type\":\"WebSite\",\"@id\":\"https:\/\/solid-24-7.com\/#website\",\"url\":\"https:\/\/solid-24-7.com\/\",\"name\":\"Solid-24\/7\",\"description\":\"\",\"publisher\":{\"@id\":\"https:\/\/solid-24-7.com\/#organization\"},\"potentialAction\":[{\"@type\":\"SearchAction\",\"target\":{\"@type\":\"EntryPoint\",\"urlTemplate\":\"https:\/\/solid-24-7.com\/?s={search_term_string}\"},\"query-input\":{\"@type\":\"PropertyValueSpecification\",\"valueRequired\":true,\"valueName\":\"search_term_string\"}}],\"inLanguage\":\"de\"},{\"@type\":\"Organization\",\"@id\":\"https:\/\/solid-24-7.com\/#organization\",\"name\":\"Solid-24\/7\",\"url\":\"https:\/\/solid-24-7.com\/\",\"logo\":{\"@type\":\"ImageObject\",\"inLanguage\":\"de\",\"@id\":\"https:\/\/solid-24-7.com\/#\/schema\/logo\/image\/\",\"url\":\"https:\/\/solid-24-7.com\/wp-content\/uploads\/2025\/04\/cropped-ChatGPT-Image-19.-Apr.-2025-01_13_47.png\",\"contentUrl\":\"https:\/\/solid-24-7.com\/wp-content\/uploads\/2025\/04\/cropped-ChatGPT-Image-19.-Apr.-2025-01_13_47.png\",\"width\":762,\"height\":326,\"caption\":\"Solid-24\/7\"},\"image\":{\"@id\":\"https:\/\/solid-24-7.com\/#\/schema\/logo\/image\/\"}}]}<\/script>\n<!-- \/ Yoast SEO plugin. -->","yoast_head_json":{"title":"Elfbar Vape 600 Blueberry - Solid-24\/7","robots":{"index":"index","follow":"follow","max-snippet":"max-snippet:-1","max-image-preview":"max-image-preview:large","max-video-preview":"max-video-preview:-1"},"canonical":"https:\/\/solid-24-7.com\/index.php\/produkt\/elfbar-vape-600-blueberry\/","og_locale":"de_DE","og_type":"article","og_title":"Elfbar Vape 600 Blueberry - Solid-24\/7","og_description":"Elf Bar 600 Einweg E-Zigarette\u00a0- Blueberry Sour Raspberry nikotinfrei Die Elf Bar 600 Blueberry Sour Raspberry erinnert an eine Mischung aus Blaubeeren und leicht s\u00e4uerlichen Himbeeren. Diese Variante enth\u00e4lt kein Nikotin. Mit der Elf Bar 600 erreicht uns der aktuelle Topseller unter den Vape Sticks.\u00a0Die Elf Bar\u00a0ist perfekt f\u00fcr Anf\u00e4nger und Umsteiger geeignet, da bei einer Einweg E-Zigarette weder Liquid noch Verdampfer\u00a0getauscht werden m\u00fcssen. In der Elf Bar 600 sind 2 ml Liquid enthalten. Die fest verbaute Akkuzelle ist ebenfalls vorgeladen und erm\u00f6glicht bis zu 600\u00a0Z\u00fcge. Je nach Zugst\u00e4rke k\u00f6nnen die erreichbaren Z\u00fcge abweichen. Genau diese Einsteigerfreundlichkeit macht die Elf Bar 600 zum beliebten Begleiter f\u00fcr viele Dampfer. Nach dem Auspacken kann die Einweg E-Zigarette direkt verwendet werden. F\u00fcr die Elf Bar 600 wird ein sogenanntes Nikotinsalz-Liquid\u00a0verwendet, welches sich durch ein vermindertes Kratzen im Hals und ein\u00a0angenehmes Dampfgef\u00fchl auszeichnet.  Elf Bar 600 auf einem\u00a0Blick   Einweg E-Zigarette (Disposable)  Topseller unter den Vape Stick  Sehr einfache Bedienung  Moderner und farbenfroher Look  Ergonomisches Penstyle-Design  Integrierte Zugautomatik  360mAh Batterie  Vorbef\u00fcllt mit 2.0 ml Liquid  Die Elf Bar 600 ist in vielen weiteren\u00a0Geschmacksrichtungen erh\u00e4ltlich:    Apple Peach (Apfel, Pfirsich)  Blue Razz Lemonade (Blaue Himbeere, Limonade)  Blueberry (Blaubeeren)  Blueberry Sour Raspberry (Blaubeere &amp; saure Himbeere)  Cola  Elfergy Ice (Energydrink)  Grape (Weintraube)  Kiwi Passion Fruit Guava (Kiwi, Passionsfrucht, Guave)  Mango Ice (Tropische Mango)  Pink Lemonade (Spritzige Limonade)  Strawberry Elfergy (Erdbeere, Eiscreme)  Strawberry Ice (Erdbeere, Eis)  Strawberry Ice Cream (Erdbeere, Eiscreme)  Watermelon (Wassermelone)","og_url":"https:\/\/solid-24-7.com\/index.php\/produkt\/elfbar-vape-600-blueberry\/","og_site_name":"Solid-24\/7","article_modified_time":"2025-06-21T01:50:12+00:00","og_image":[{"width":225,"height":225,"url":"https:\/\/solid-24-7.com\/wp-content\/uploads\/2025\/04\/Download-2.jpeg","type":"image\/jpeg"}],"twitter_card":"summary_large_image","schema":{"@context":"https:\/\/schema.org","@graph":[{"@type":"WebPage","@id":"https:\/\/solid-24-7.com\/index.php\/produkt\/elfbar-vape-600-blueberry\/","url":"https:\/\/solid-24-7.com\/index.php\/produkt\/elfbar-vape-600-blueberry\/","name":"Elfbar Vape 600 Blueberry - Solid-24\/7","isPartOf":{"@id":"https:\/\/solid-24-7.com\/#website"},"primaryImageOfPage":{"@id":"https:\/\/solid-24-7.com\/index.php\/produkt\/elfbar-vape-600-blueberry\/#primaryimage"},"image":{"@id":"https:\/\/solid-24-7.com\/index.php\/produkt\/elfbar-vape-600-blueberry\/#primaryimage"},"thumbnailUrl":"https:\/\/solid-24-7.com\/wp-content\/uploads\/2025\/04\/Download-2.jpeg","datePublished":"2025-04-29T00:09:40+00:00","dateModified":"2025-06-21T01:50:12+00:00","breadcrumb":{"@id":"https:\/\/solid-24-7.com\/index.php\/produkt\/elfbar-vape-600-blueberry\/#breadcrumb"},"inLanguage":"de","potentialAction":[{"@type":"ReadAction","target":["https:\/\/solid-24-7.com\/index.php\/produkt\/elfbar-vape-600-blueberry\/"]}]},{"@type":"ImageObject","inLanguage":"de","@id":"https:\/\/solid-24-7.com\/index.php\/produkt\/elfbar-vape-600-blueberry\/#primaryimage","url":"https:\/\/solid-24-7.com\/wp-content\/uploads\/2025\/04\/Download-2.jpeg","contentUrl":"https:\/\/solid-24-7.com\/wp-content\/uploads\/2025\/04\/Download-2.jpeg","width":225,"height":225},{"@type":"BreadcrumbList","@id":"https:\/\/solid-24-7.com\/index.php\/produkt\/elfbar-vape-600-blueberry\/#breadcrumb","itemListElement":[{"@type":"ListItem","position":1,"name":"Startseite","item":"https:\/\/solid-24-7.com\/"},{"@type":"ListItem","position":2,"name":"Shop","item":"https:\/\/solid-24-7.com\/index.php\/shop\/"},{"@type":"ListItem","position":3,"name":"Elfbar Vape 600 Blueberry"}]},{"@type":"WebSite","@id":"https:\/\/solid-24-7.com\/#website","url":"https:\/\/solid-24-7.com\/","name":"Solid-24\/7","description":"","publisher":{"@id":"https:\/\/solid-24-7.com\/#organization"},"potentialAction":[{"@type":"SearchAction","target":{"@type":"EntryPoint","urlTemplate":"https:\/\/solid-24-7.com\/?s={search_term_string}"},"query-input":{"@type":"PropertyValueSpecification","valueRequired":true,"valueName":"search_term_string"}}],"inLanguage":"de"},{"@type":"Organization","@id":"https:\/\/solid-24-7.com\/#organization","name":"Solid-24\/7","url":"https:\/\/solid-24-7.com\/","logo":{"@type":"ImageObject","inLanguage":"de","@id":"https:\/\/solid-24-7.com\/#\/schema\/logo\/image\/","url":"https:\/\/solid-24-7.com\/wp-content\/uploads\/2025\/04\/cropped-ChatGPT-Image-19.-Apr.-2025-01_13_47.png","contentUrl":"https:\/\/solid-24-7.com\/wp-content\/uploads\/2025\/04\/cropped-ChatGPT-Image-19.-Apr.-2025-01_13_47.png","width":762,"height":326,"caption":"Solid-24\/7"},"image":{"@id":"https:\/\/solid-24-7.com\/#\/schema\/logo\/image\/"}}]}},"jetpack_sharing_enabled":true,"_links":{"self":[{"href":"https:\/\/solid-24-7.com\/index.php\/wp-json\/wp\/v2\/product\/1825","targetHints":{"allow":["GET"]}}],"collection":[{"href":"https:\/\/solid-24-7.com\/index.php\/wp-json\/wp\/v2\/product"}],"about":[{"href":"https:\/\/solid-24-7.com\/index.php\/wp-json\/wp\/v2\/types\/product"}],"replies":[{"embeddable":true,"href":"https:\/\/solid-24-7.com\/index.php\/wp-json\/wp\/v2\/comments?post=1825"}],"wp:featuredmedia":[{"embeddable":true,"href":"https:\/\/solid-24-7.com\/index.php\/wp-json\/wp\/v2\/media\/1826"}],"wp:attachment":[{"href":"https:\/\/solid-24-7.com\/index.php\/wp-json\/wp\/v2\/media?parent=1825"}],"wp:term":[{"taxonomy":"product_brand","embeddable":true,"href":"https:\/\/solid-24-7.com\/index.php\/wp-json\/wp\/v2\/product_brand?post=1825"},{"taxonomy":"product_cat","embeddable":true,"href":"https:\/\/solid-24-7.com\/index.php\/wp-json\/wp\/v2\/product_cat?post=1825"},{"taxonomy":"product_tag","embeddable":true,"href":"https:\/\/solid-24-7.com\/index.php\/wp-json\/wp\/v2\/product_tag?post=1825"}],"curies":[{"name":"wp","href":"https:\/\/api.w.org\/{rel}","templated":true}]}}