{"id":1833,"date":"2025-05-01T15:42:24","date_gmt":"2025-05-01T15:42:24","guid":{"rendered":"https:\/\/solid-24-7.com\/?post_type=product&#038;p=1833"},"modified":"2025-05-18T00:32:43","modified_gmt":"2025-05-18T00:32:43","slug":"dubble-bubble-gum-balls-original","status":"publish","type":"product","link":"https:\/\/solid-24-7.com\/index.php\/produkt\/dubble-bubble-gum-balls-original\/","title":{"rendered":"Dubble Bubble Gum Balls Original"},"content":{"rendered":"","protected":false},"excerpt":{"rendered":"<h2 style=\"color:#0079a1; border-bottom: 4px solid #0079a1; display: inline-block;\">BESCHREIBUNG<\/h2>\n<h2>Dubble Bubble Original Gum Balls Assorted Colors 90g<\/h2>\n<p>\nDie Dubble Bubble Original Gum Balls bieten ein klassisches Kauerlebnis. Die Kaugummikugeln sind in verschiedenen Farben erh\u00e4ltlich und \u00fcberzeugen durch ihren s\u00fc\u00dfen Geschmack und ihre langanhaltende Kaubeschaffenheit.<br \/>\nDie 90-Gramm-Packungen enthalten eine Vielzahl an farbenfrohen Kaugummikugeln, die sowohl optisch ansprechend sind als auch f\u00fcr intensives, fruchtiges Geschmackserlebnis sorgen. Sie eignen sich perfekt f\u00fcr unterwegs, als Nascherei zwischendurch oder zum Teilen mit Freunden und Familie.<br \/>\nDie Dubble Bubble Gum Balls sind ein traditionell hergestellter Kaugummi, der seit Generationen f\u00fcr seine Qualit\u00e4t und seinen Geschmack bekannt ist.\n<\/p>\n<p><strong><u>Zutaten:<\/u><\/strong><br \/>\nZucker, Kaumasse, Glukosesirup, Aroma, \u00dcberzugsmittel (E-903, E-904), Farbstoffe (E-162, E-100, E-160a iii, E-132), Emulgator (E-414), Antioxidationsmittel (E-320)\n<\/p>\n<h3>N\u00e4hrwerttabelle pro 100g<\/h3>\n<table border=\"1\" cellpadding=\"8\" cellspacing=\"0\">\n<tr>\n<td>Energie:<\/td>\n<td>1500 kJ \/ 359 kcal<\/td>\n<\/tr>\n<tr>\n<td>Fett:<\/td>\n<td>0 g<\/td>\n<\/tr>\n<tr>\n<td>davon ges. Fetts\u00e4uren:<\/td>\n<td>0 g<\/td>\n<\/tr>\n<tr>\n<td>Kohlenhydrate:<\/td>\n<td>89,7 g<\/td>\n<\/tr>\n<tr>\n<td>davon Zucker:<\/td>\n<td>89,7 g<\/td>\n<\/tr>\n<tr>\n<td>Eiwei\u00df:<\/td>\n<td>0 g<\/td>\n<\/tr>\n<tr>\n<td>Salz:<\/td>\n<td>0 g<\/td>\n<\/tr>\n<tr>\n<td>Herkunftsland:<\/td>\n<td>USA \/ Vereinigte Staaten von Amerika<\/td>\n<\/tr>\n<\/table>\n<h3>Versandinformationen<\/h3>\n<table border=\"1\" cellpadding=\"8\" cellspacing=\"0\">\n<tr>\n<td>Versandgewicht:<\/td>\n<td>0,10 kg<\/td>\n<\/tr>\n<tr>\n<td>Artikelgewicht:<\/td>\n<td>0,09 kg<\/td>\n<\/tr>\n<tr>\n<td>Inhalt:<\/td>\n<td>90,00 g<\/td>\n<\/tr>\n<\/table>\n","protected":false},"featured_media":1834,"comment_status":"open","ping_status":"closed","template":"","meta":[],"product_brand":[],"product_cat":[49,18,36],"product_tag":[],"class_list":{"0":"post-1833","1":"product","2":"type-product","3":"status-publish","4":"has-post-thumbnail","6":"product_cat-usa-land","7":"product_cat-snacks","8":"product_cat-usa","9":"product_shipping_class-normal","10":"thunk-woo-product-list","11":"th-shop-mania-woo-hover-","12":"open-single-product-tab-horizontal","13":"open-shadow-","14":"open-shadow-hover-","16":"first","17":"instock","18":"taxable","19":"shipping-taxable","20":"purchasable","21":"product-type-simple"},"yoast_head":"<!-- This site is optimized with the Yoast SEO plugin v25.2 - https:\/\/yoast.com\/wordpress\/plugins\/seo\/ -->\n<title>Dubble Bubble Gum Balls Original - Solid-24\/7<\/title>\n<meta name=\"robots\" content=\"index, follow, max-snippet:-1, max-image-preview:large, max-video-preview:-1\" \/>\n<link rel=\"canonical\" href=\"https:\/\/solid-24-7.com\/index.php\/produkt\/dubble-bubble-gum-balls-original\/\" \/>\n<meta property=\"og:locale\" content=\"de_DE\" \/>\n<meta property=\"og:type\" content=\"article\" \/>\n<meta property=\"og:title\" content=\"Dubble Bubble Gum Balls Original - Solid-24\/7\" \/>\n<meta property=\"og:description\" content=\"BESCHREIBUNG Dubble Bubble Original Gum Balls Assorted Colors 90g   Die Dubble Bubble Original Gum Balls bieten ein klassisches Kauerlebnis. Die Kaugummikugeln sind in verschiedenen Farben erh\u00e4ltlich und \u00fcberzeugen durch ihren s\u00fc\u00dfen Geschmack und ihre langanhaltende Kaubeschaffenheit. Die 90-Gramm-Packungen enthalten eine Vielzahl an farbenfrohen Kaugummikugeln, die sowohl optisch ansprechend sind als auch f\u00fcr intensives, fruchtiges Geschmackserlebnis sorgen. Sie eignen sich perfekt f\u00fcr unterwegs, als Nascherei zwischendurch oder zum Teilen mit Freunden und Familie. Die Dubble Bubble Gum Balls sind ein traditionell hergestellter Kaugummi, der seit Generationen f\u00fcr seine Qualit\u00e4t und seinen Geschmack bekannt ist.   Zutaten: Zucker, Kaumasse, Glukosesirup, Aroma, \u00dcberzugsmittel (E-903, E-904), Farbstoffe (E-162, E-100, E-160a iii, E-132), Emulgator (E-414), Antioxidationsmittel (E-320)   N\u00e4hrwerttabelle pro 100g   Energie:1500 kJ \/ 359 kcal  Fett:0 g  davon ges. Fetts\u00e4uren:0 g  Kohlenhydrate:89,7 g  davon Zucker:89,7 g  Eiwei\u00df:0 g  Salz:0 g  Herkunftsland:USA \/ Vereinigte Staaten von Amerika   Versandinformationen   Versandgewicht:0,10 kg  Artikelgewicht:0,09 kg  Inhalt:90,00 g\" \/>\n<meta property=\"og:url\" content=\"https:\/\/solid-24-7.com\/index.php\/produkt\/dubble-bubble-gum-balls-original\/\" \/>\n<meta property=\"og:site_name\" content=\"Solid-24\/7\" \/>\n<meta property=\"article:modified_time\" content=\"2025-05-18T00:32:43+00:00\" \/>\n<meta property=\"og:image\" content=\"https:\/\/solid-24-7.com\/wp-content\/uploads\/2025\/05\/dubblebubblegumballs90.jpg\" \/>\n\t<meta property=\"og:image:width\" content=\"560\" \/>\n\t<meta property=\"og:image:height\" content=\"560\" \/>\n\t<meta property=\"og:image:type\" content=\"image\/jpeg\" \/>\n<meta name=\"twitter:card\" content=\"summary_large_image\" \/>\n<meta name=\"twitter:label1\" content=\"Gesch\u00e4tzte Lesezeit\" \/>\n\t<meta name=\"twitter:data1\" content=\"1\u00a0Minute\" \/>\n<script type=\"application\/ld+json\" class=\"yoast-schema-graph\">{\"@context\":\"https:\/\/schema.org\",\"@graph\":[{\"@type\":\"WebPage\",\"@id\":\"https:\/\/solid-24-7.com\/index.php\/produkt\/dubble-bubble-gum-balls-original\/\",\"url\":\"https:\/\/solid-24-7.com\/index.php\/produkt\/dubble-bubble-gum-balls-original\/\",\"name\":\"Dubble Bubble Gum Balls Original - Solid-24\/7\",\"isPartOf\":{\"@id\":\"https:\/\/solid-24-7.com\/#website\"},\"primaryImageOfPage\":{\"@id\":\"https:\/\/solid-24-7.com\/index.php\/produkt\/dubble-bubble-gum-balls-original\/#primaryimage\"},\"image\":{\"@id\":\"https:\/\/solid-24-7.com\/index.php\/produkt\/dubble-bubble-gum-balls-original\/#primaryimage\"},\"thumbnailUrl\":\"https:\/\/solid-24-7.com\/wp-content\/uploads\/2025\/05\/dubblebubblegumballs90.jpg\",\"datePublished\":\"2025-05-01T15:42:24+00:00\",\"dateModified\":\"2025-05-18T00:32:43+00:00\",\"breadcrumb\":{\"@id\":\"https:\/\/solid-24-7.com\/index.php\/produkt\/dubble-bubble-gum-balls-original\/#breadcrumb\"},\"inLanguage\":\"de\",\"potentialAction\":[{\"@type\":\"ReadAction\",\"target\":[\"https:\/\/solid-24-7.com\/index.php\/produkt\/dubble-bubble-gum-balls-original\/\"]}]},{\"@type\":\"ImageObject\",\"inLanguage\":\"de\",\"@id\":\"https:\/\/solid-24-7.com\/index.php\/produkt\/dubble-bubble-gum-balls-original\/#primaryimage\",\"url\":\"https:\/\/solid-24-7.com\/wp-content\/uploads\/2025\/05\/dubblebubblegumballs90.jpg\",\"contentUrl\":\"https:\/\/solid-24-7.com\/wp-content\/uploads\/2025\/05\/dubblebubblegumballs90.jpg\",\"width\":560,\"height\":560},{\"@type\":\"BreadcrumbList\",\"@id\":\"https:\/\/solid-24-7.com\/index.php\/produkt\/dubble-bubble-gum-balls-original\/#breadcrumb\",\"itemListElement\":[{\"@type\":\"ListItem\",\"position\":1,\"name\":\"Startseite\",\"item\":\"https:\/\/solid-24-7.com\/\"},{\"@type\":\"ListItem\",\"position\":2,\"name\":\"Shop\",\"item\":\"https:\/\/solid-24-7.com\/index.php\/shop\/\"},{\"@type\":\"ListItem\",\"position\":3,\"name\":\"Dubble Bubble Gum Balls Original\"}]},{\"@type\":\"WebSite\",\"@id\":\"https:\/\/solid-24-7.com\/#website\",\"url\":\"https:\/\/solid-24-7.com\/\",\"name\":\"Solid-24\/7\",\"description\":\"\",\"publisher\":{\"@id\":\"https:\/\/solid-24-7.com\/#organization\"},\"potentialAction\":[{\"@type\":\"SearchAction\",\"target\":{\"@type\":\"EntryPoint\",\"urlTemplate\":\"https:\/\/solid-24-7.com\/?s={search_term_string}\"},\"query-input\":{\"@type\":\"PropertyValueSpecification\",\"valueRequired\":true,\"valueName\":\"search_term_string\"}}],\"inLanguage\":\"de\"},{\"@type\":\"Organization\",\"@id\":\"https:\/\/solid-24-7.com\/#organization\",\"name\":\"Solid-24\/7\",\"url\":\"https:\/\/solid-24-7.com\/\",\"logo\":{\"@type\":\"ImageObject\",\"inLanguage\":\"de\",\"@id\":\"https:\/\/solid-24-7.com\/#\/schema\/logo\/image\/\",\"url\":\"https:\/\/solid-24-7.com\/wp-content\/uploads\/2025\/04\/cropped-ChatGPT-Image-19.-Apr.-2025-01_13_47.png\",\"contentUrl\":\"https:\/\/solid-24-7.com\/wp-content\/uploads\/2025\/04\/cropped-ChatGPT-Image-19.-Apr.-2025-01_13_47.png\",\"width\":762,\"height\":326,\"caption\":\"Solid-24\/7\"},\"image\":{\"@id\":\"https:\/\/solid-24-7.com\/#\/schema\/logo\/image\/\"}}]}<\/script>\n<!-- \/ Yoast SEO plugin. -->","yoast_head_json":{"title":"Dubble Bubble Gum Balls Original - Solid-24\/7","robots":{"index":"index","follow":"follow","max-snippet":"max-snippet:-1","max-image-preview":"max-image-preview:large","max-video-preview":"max-video-preview:-1"},"canonical":"https:\/\/solid-24-7.com\/index.php\/produkt\/dubble-bubble-gum-balls-original\/","og_locale":"de_DE","og_type":"article","og_title":"Dubble Bubble Gum Balls Original - Solid-24\/7","og_description":"BESCHREIBUNG Dubble Bubble Original Gum Balls Assorted Colors 90g   Die Dubble Bubble Original Gum Balls bieten ein klassisches Kauerlebnis. Die Kaugummikugeln sind in verschiedenen Farben erh\u00e4ltlich und \u00fcberzeugen durch ihren s\u00fc\u00dfen Geschmack und ihre langanhaltende Kaubeschaffenheit. Die 90-Gramm-Packungen enthalten eine Vielzahl an farbenfrohen Kaugummikugeln, die sowohl optisch ansprechend sind als auch f\u00fcr intensives, fruchtiges Geschmackserlebnis sorgen. Sie eignen sich perfekt f\u00fcr unterwegs, als Nascherei zwischendurch oder zum Teilen mit Freunden und Familie. Die Dubble Bubble Gum Balls sind ein traditionell hergestellter Kaugummi, der seit Generationen f\u00fcr seine Qualit\u00e4t und seinen Geschmack bekannt ist.   Zutaten: Zucker, Kaumasse, Glukosesirup, Aroma, \u00dcberzugsmittel (E-903, E-904), Farbstoffe (E-162, E-100, E-160a iii, E-132), Emulgator (E-414), Antioxidationsmittel (E-320)   N\u00e4hrwerttabelle pro 100g   Energie:1500 kJ \/ 359 kcal  Fett:0 g  davon ges. Fetts\u00e4uren:0 g  Kohlenhydrate:89,7 g  davon Zucker:89,7 g  Eiwei\u00df:0 g  Salz:0 g  Herkunftsland:USA \/ Vereinigte Staaten von Amerika   Versandinformationen   Versandgewicht:0,10 kg  Artikelgewicht:0,09 kg  Inhalt:90,00 g","og_url":"https:\/\/solid-24-7.com\/index.php\/produkt\/dubble-bubble-gum-balls-original\/","og_site_name":"Solid-24\/7","article_modified_time":"2025-05-18T00:32:43+00:00","og_image":[{"width":560,"height":560,"url":"https:\/\/solid-24-7.com\/wp-content\/uploads\/2025\/05\/dubblebubblegumballs90.jpg","type":"image\/jpeg"}],"twitter_card":"summary_large_image","twitter_misc":{"Gesch\u00e4tzte Lesezeit":"1\u00a0Minute"},"schema":{"@context":"https:\/\/schema.org","@graph":[{"@type":"WebPage","@id":"https:\/\/solid-24-7.com\/index.php\/produkt\/dubble-bubble-gum-balls-original\/","url":"https:\/\/solid-24-7.com\/index.php\/produkt\/dubble-bubble-gum-balls-original\/","name":"Dubble Bubble Gum Balls Original - Solid-24\/7","isPartOf":{"@id":"https:\/\/solid-24-7.com\/#website"},"primaryImageOfPage":{"@id":"https:\/\/solid-24-7.com\/index.php\/produkt\/dubble-bubble-gum-balls-original\/#primaryimage"},"image":{"@id":"https:\/\/solid-24-7.com\/index.php\/produkt\/dubble-bubble-gum-balls-original\/#primaryimage"},"thumbnailUrl":"https:\/\/solid-24-7.com\/wp-content\/uploads\/2025\/05\/dubblebubblegumballs90.jpg","datePublished":"2025-05-01T15:42:24+00:00","dateModified":"2025-05-18T00:32:43+00:00","breadcrumb":{"@id":"https:\/\/solid-24-7.com\/index.php\/produkt\/dubble-bubble-gum-balls-original\/#breadcrumb"},"inLanguage":"de","potentialAction":[{"@type":"ReadAction","target":["https:\/\/solid-24-7.com\/index.php\/produkt\/dubble-bubble-gum-balls-original\/"]}]},{"@type":"ImageObject","inLanguage":"de","@id":"https:\/\/solid-24-7.com\/index.php\/produkt\/dubble-bubble-gum-balls-original\/#primaryimage","url":"https:\/\/solid-24-7.com\/wp-content\/uploads\/2025\/05\/dubblebubblegumballs90.jpg","contentUrl":"https:\/\/solid-24-7.com\/wp-content\/uploads\/2025\/05\/dubblebubblegumballs90.jpg","width":560,"height":560},{"@type":"BreadcrumbList","@id":"https:\/\/solid-24-7.com\/index.php\/produkt\/dubble-bubble-gum-balls-original\/#breadcrumb","itemListElement":[{"@type":"ListItem","position":1,"name":"Startseite","item":"https:\/\/solid-24-7.com\/"},{"@type":"ListItem","position":2,"name":"Shop","item":"https:\/\/solid-24-7.com\/index.php\/shop\/"},{"@type":"ListItem","position":3,"name":"Dubble Bubble Gum Balls Original"}]},{"@type":"WebSite","@id":"https:\/\/solid-24-7.com\/#website","url":"https:\/\/solid-24-7.com\/","name":"Solid-24\/7","description":"","publisher":{"@id":"https:\/\/solid-24-7.com\/#organization"},"potentialAction":[{"@type":"SearchAction","target":{"@type":"EntryPoint","urlTemplate":"https:\/\/solid-24-7.com\/?s={search_term_string}"},"query-input":{"@type":"PropertyValueSpecification","valueRequired":true,"valueName":"search_term_string"}}],"inLanguage":"de"},{"@type":"Organization","@id":"https:\/\/solid-24-7.com\/#organization","name":"Solid-24\/7","url":"https:\/\/solid-24-7.com\/","logo":{"@type":"ImageObject","inLanguage":"de","@id":"https:\/\/solid-24-7.com\/#\/schema\/logo\/image\/","url":"https:\/\/solid-24-7.com\/wp-content\/uploads\/2025\/04\/cropped-ChatGPT-Image-19.-Apr.-2025-01_13_47.png","contentUrl":"https:\/\/solid-24-7.com\/wp-content\/uploads\/2025\/04\/cropped-ChatGPT-Image-19.-Apr.-2025-01_13_47.png","width":762,"height":326,"caption":"Solid-24\/7"},"image":{"@id":"https:\/\/solid-24-7.com\/#\/schema\/logo\/image\/"}}]}},"jetpack_sharing_enabled":true,"_links":{"self":[{"href":"https:\/\/solid-24-7.com\/index.php\/wp-json\/wp\/v2\/product\/1833","targetHints":{"allow":["GET"]}}],"collection":[{"href":"https:\/\/solid-24-7.com\/index.php\/wp-json\/wp\/v2\/product"}],"about":[{"href":"https:\/\/solid-24-7.com\/index.php\/wp-json\/wp\/v2\/types\/product"}],"replies":[{"embeddable":true,"href":"https:\/\/solid-24-7.com\/index.php\/wp-json\/wp\/v2\/comments?post=1833"}],"wp:featuredmedia":[{"embeddable":true,"href":"https:\/\/solid-24-7.com\/index.php\/wp-json\/wp\/v2\/media\/1834"}],"wp:attachment":[{"href":"https:\/\/solid-24-7.com\/index.php\/wp-json\/wp\/v2\/media?parent=1833"}],"wp:term":[{"taxonomy":"product_brand","embeddable":true,"href":"https:\/\/solid-24-7.com\/index.php\/wp-json\/wp\/v2\/product_brand?post=1833"},{"taxonomy":"product_cat","embeddable":true,"href":"https:\/\/solid-24-7.com\/index.php\/wp-json\/wp\/v2\/product_cat?post=1833"},{"taxonomy":"product_tag","embeddable":true,"href":"https:\/\/solid-24-7.com\/index.php\/wp-json\/wp\/v2\/product_tag?post=1833"}],"curies":[{"name":"wp","href":"https:\/\/api.w.org\/{rel}","templated":true}]}}